{"id":97911,"date":"2025-02-10T14:58:00","date_gmt":"2025-02-10T14:58:00","guid":{"rendered":"https:\/\/design-burger.1devserver.co.uk\/creer-un-compte\/"},"modified":"2025-02-10T14:58:00","modified_gmt":"2025-02-10T14:58:00","slug":"creer-un-compte","status":"publish","type":"page","link":"https:\/\/www.designburger.com\/fr\/creer-un-compte\/","title":{"rendered":"Cr\u00e9er un compte"},"content":{"rendered":"\n<p>Ne vous inqui\u00e9tez pas, tout est gratuit. Nous utilisons vos informations pour am\u00e9liorer votre exp\u00e9rience.<\/p>\n","protected":false},"excerpt":{"rendered":"<p>Ne vous inqui\u00e9tez pas, tout est gratuit. Nous utilisons vos informations pour am\u00e9liorer votre exp\u00e9rience.<\/p>\n","protected":false},"author":1,"featured_media":0,"parent":0,"menu_order":0,"comment_status":"closed","ping_status":"closed","template":"page-register.php","meta":{"_acf_changed":false,"footnotes":""},"class_list":["post-97911","page","type-page","status-publish","hentry"],"acf":[],"yoast_head":"<!-- This site is optimized with the Yoast SEO plugin v27.1.1 - https:\/\/yoast.com\/product\/yoast-seo-wordpress\/ -->\n<title>Cr\u00e9er un compte - Design Burger<\/title>\n<meta name=\"robots\" content=\"index, follow, max-snippet:-1, max-image-preview:large, max-video-preview:-1\" \/>\n<link rel=\"canonical\" href=\"https:\/\/www.designburger.com\/fr\/creer-un-compte\/\" \/>\n<meta property=\"og:locale\" content=\"fr_FR\" \/>\n<meta property=\"og:type\" content=\"article\" \/>\n<meta property=\"og:title\" content=\"Cr\u00e9er un compte - Design Burger\" \/>\n<meta property=\"og:description\" content=\"Ne vous inqui\u00e9tez pas, tout est gratuit. Nous utilisons vos informations pour am\u00e9liorer votre exp\u00e9rience.\" \/>\n<meta property=\"og:url\" content=\"https:\/\/www.designburger.com\/fr\/creer-un-compte\/\" \/>\n<meta property=\"og:site_name\" content=\"Design Burger\" \/>\n<meta name=\"twitter:card\" content=\"summary_large_image\" \/>\n<script type=\"application\/ld+json\" class=\"yoast-schema-graph\">{\"@context\":\"https:\/\/schema.org\",\"@graph\":[{\"@type\":\"WebPage\",\"@id\":\"https:\/\/www.designburger.com\/fr\/creer-un-compte\/\",\"url\":\"https:\/\/www.designburger.com\/fr\/creer-un-compte\/\",\"name\":\"Cr\u00e9er un compte - Design Burger\",\"isPartOf\":{\"@id\":\"https:\/\/www.designburger.com\/#website\"},\"datePublished\":\"2025-02-10T14:58:00+00:00\",\"breadcrumb\":{\"@id\":\"https:\/\/www.designburger.com\/fr\/creer-un-compte\/#breadcrumb\"},\"inLanguage\":\"fr-FR\",\"potentialAction\":[{\"@type\":\"ReadAction\",\"target\":[\"https:\/\/www.designburger.com\/fr\/creer-un-compte\/\"]}]},{\"@type\":\"BreadcrumbList\",\"@id\":\"https:\/\/www.designburger.com\/fr\/creer-un-compte\/#breadcrumb\",\"itemListElement\":[{\"@type\":\"ListItem\",\"position\":1,\"name\":\"Home\",\"item\":\"https:\/\/www.designburger.com\/fr\/\"},{\"@type\":\"ListItem\",\"position\":2,\"name\":\"Cr\u00e9er un compte\"}]},{\"@type\":\"WebSite\",\"@id\":\"https:\/\/www.designburger.com\/#website\",\"url\":\"https:\/\/www.designburger.com\/\",\"name\":\"Design Burger\",\"description\":\"\",\"potentialAction\":[{\"@type\":\"SearchAction\",\"target\":{\"@type\":\"EntryPoint\",\"urlTemplate\":\"https:\/\/www.designburger.com\/?s={search_term_string}\"},\"query-input\":{\"@type\":\"PropertyValueSpecification\",\"valueRequired\":true,\"valueName\":\"search_term_string\"}}],\"inLanguage\":\"fr-FR\"}]}<\/script>\n<!-- \/ Yoast SEO plugin. -->","yoast_head_json":{"title":"Cr\u00e9er un compte - Design Burger","robots":{"index":"index","follow":"follow","max-snippet":"max-snippet:-1","max-image-preview":"max-image-preview:large","max-video-preview":"max-video-preview:-1"},"canonical":"https:\/\/www.designburger.com\/fr\/creer-un-compte\/","og_locale":"fr_FR","og_type":"article","og_title":"Cr\u00e9er un compte - Design Burger","og_description":"Ne vous inqui\u00e9tez pas, tout est gratuit. Nous utilisons vos informations pour am\u00e9liorer votre exp\u00e9rience.","og_url":"https:\/\/www.designburger.com\/fr\/creer-un-compte\/","og_site_name":"Design Burger","twitter_card":"summary_large_image","schema":{"@context":"https:\/\/schema.org","@graph":[{"@type":"WebPage","@id":"https:\/\/www.designburger.com\/fr\/creer-un-compte\/","url":"https:\/\/www.designburger.com\/fr\/creer-un-compte\/","name":"Cr\u00e9er un compte - Design Burger","isPartOf":{"@id":"https:\/\/www.designburger.com\/#website"},"datePublished":"2025-02-10T14:58:00+00:00","breadcrumb":{"@id":"https:\/\/www.designburger.com\/fr\/creer-un-compte\/#breadcrumb"},"inLanguage":"fr-FR","potentialAction":[{"@type":"ReadAction","target":["https:\/\/www.designburger.com\/fr\/creer-un-compte\/"]}]},{"@type":"BreadcrumbList","@id":"https:\/\/www.designburger.com\/fr\/creer-un-compte\/#breadcrumb","itemListElement":[{"@type":"ListItem","position":1,"name":"Home","item":"https:\/\/www.designburger.com\/fr\/"},{"@type":"ListItem","position":2,"name":"Cr\u00e9er un compte"}]},{"@type":"WebSite","@id":"https:\/\/www.designburger.com\/#website","url":"https:\/\/www.designburger.com\/","name":"Design Burger","description":"","potentialAction":[{"@type":"SearchAction","target":{"@type":"EntryPoint","urlTemplate":"https:\/\/www.designburger.com\/?s={search_term_string}"},"query-input":{"@type":"PropertyValueSpecification","valueRequired":true,"valueName":"search_term_string"}}],"inLanguage":"fr-FR"}]}},"_links":{"self":[{"href":"https:\/\/www.designburger.com\/fr\/wp-json\/wp\/v2\/pages\/97911","targetHints":{"allow":["GET"]}}],"collection":[{"href":"https:\/\/www.designburger.com\/fr\/wp-json\/wp\/v2\/pages"}],"about":[{"href":"https:\/\/www.designburger.com\/fr\/wp-json\/wp\/v2\/types\/page"}],"author":[{"embeddable":true,"href":"https:\/\/www.designburger.com\/fr\/wp-json\/wp\/v2\/users\/1"}],"replies":[{"embeddable":true,"href":"https:\/\/www.designburger.com\/fr\/wp-json\/wp\/v2\/comments?post=97911"}],"version-history":[{"count":1,"href":"https:\/\/www.designburger.com\/fr\/wp-json\/wp\/v2\/pages\/97911\/revisions"}],"predecessor-version":[{"id":97912,"href":"https:\/\/www.designburger.com\/fr\/wp-json\/wp\/v2\/pages\/97911\/revisions\/97912"}],"wp:attachment":[{"href":"https:\/\/www.designburger.com\/fr\/wp-json\/wp\/v2\/media?parent=97911"}],"curies":[{"name":"wp","href":"https:\/\/api.w.org\/{rel}","templated":true}]}}