{"id":97984,"date":"2025-02-10T14:58:20","date_gmt":"2025-02-10T14:58:20","guid":{"rendered":"https:\/\/design-burger.1devserver.co.uk\/dialogues-sur-la-conception\/"},"modified":"2025-02-10T14:58:21","modified_gmt":"2025-02-10T14:58:21","slug":"dialogues-sur-la-conception","status":"publish","type":"page","link":"https:\/\/www.designburger.com\/fr\/dialogues-sur-la-conception\/","title":{"rendered":"Dialogues sur la conception"},"content":{"rendered":"\n<p>Une s\u00e9rie d&rsquo;interviews bas\u00e9es sur des croquis partageant les perspectives uniques et les croquis exclusifs de designers de renomm\u00e9e mondiale.<\/p>\n\n<p><\/p>\n","protected":false},"excerpt":{"rendered":"<p>Une s\u00e9rie d&rsquo;interviews bas\u00e9es sur des croquis partageant les perspectives uniques et les croquis exclusifs de designers de renomm\u00e9e mondiale.<\/p>\n","protected":false},"author":1,"featured_media":0,"parent":0,"menu_order":0,"comment_status":"closed","ping_status":"closed","template":"page-designers.php","meta":{"_acf_changed":false,"footnotes":""},"class_list":["post-97984","page","type-page","status-publish","hentry"],"acf":[],"yoast_head":"<!-- This site is optimized with the Yoast SEO plugin v27.1.1 - https:\/\/yoast.com\/product\/yoast-seo-wordpress\/ -->\n<title>Dialogues sur la conception - Design Burger<\/title>\n<meta name=\"robots\" content=\"index, follow, max-snippet:-1, max-image-preview:large, max-video-preview:-1\" \/>\n<link rel=\"canonical\" href=\"https:\/\/www.designburger.com\/fr\/dialogues-sur-la-conception\/\" \/>\n<meta property=\"og:locale\" content=\"fr_FR\" \/>\n<meta property=\"og:type\" content=\"article\" \/>\n<meta property=\"og:title\" content=\"Dialogues sur la conception - Design Burger\" \/>\n<meta property=\"og:description\" content=\"Une s\u00e9rie d&rsquo;interviews bas\u00e9es sur des croquis partageant les perspectives uniques et les croquis exclusifs de designers de renomm\u00e9e mondiale.\" \/>\n<meta property=\"og:url\" content=\"https:\/\/www.designburger.com\/fr\/dialogues-sur-la-conception\/\" \/>\n<meta property=\"og:site_name\" content=\"Design Burger\" \/>\n<meta property=\"article:modified_time\" content=\"2025-02-10T14:58:21+00:00\" \/>\n<meta name=\"twitter:card\" content=\"summary_large_image\" \/>\n<script type=\"application\/ld+json\" class=\"yoast-schema-graph\">{\"@context\":\"https:\/\/schema.org\",\"@graph\":[{\"@type\":\"WebPage\",\"@id\":\"https:\/\/www.designburger.com\/fr\/dialogues-sur-la-conception\/\",\"url\":\"https:\/\/www.designburger.com\/fr\/dialogues-sur-la-conception\/\",\"name\":\"Dialogues sur la conception - Design Burger\",\"isPartOf\":{\"@id\":\"https:\/\/www.designburger.com\/#website\"},\"datePublished\":\"2025-02-10T14:58:20+00:00\",\"dateModified\":\"2025-02-10T14:58:21+00:00\",\"breadcrumb\":{\"@id\":\"https:\/\/www.designburger.com\/fr\/dialogues-sur-la-conception\/#breadcrumb\"},\"inLanguage\":\"fr-FR\",\"potentialAction\":[{\"@type\":\"ReadAction\",\"target\":[\"https:\/\/www.designburger.com\/fr\/dialogues-sur-la-conception\/\"]}]},{\"@type\":\"BreadcrumbList\",\"@id\":\"https:\/\/www.designburger.com\/fr\/dialogues-sur-la-conception\/#breadcrumb\",\"itemListElement\":[{\"@type\":\"ListItem\",\"position\":1,\"name\":\"Home\",\"item\":\"https:\/\/www.designburger.com\/fr\/\"},{\"@type\":\"ListItem\",\"position\":2,\"name\":\"Dialogues sur la conception\"}]},{\"@type\":\"WebSite\",\"@id\":\"https:\/\/www.designburger.com\/#website\",\"url\":\"https:\/\/www.designburger.com\/\",\"name\":\"Design Burger\",\"description\":\"\",\"potentialAction\":[{\"@type\":\"SearchAction\",\"target\":{\"@type\":\"EntryPoint\",\"urlTemplate\":\"https:\/\/www.designburger.com\/?s={search_term_string}\"},\"query-input\":{\"@type\":\"PropertyValueSpecification\",\"valueRequired\":true,\"valueName\":\"search_term_string\"}}],\"inLanguage\":\"fr-FR\"}]}<\/script>\n<!-- \/ Yoast SEO plugin. -->","yoast_head_json":{"title":"Dialogues sur la conception - Design Burger","robots":{"index":"index","follow":"follow","max-snippet":"max-snippet:-1","max-image-preview":"max-image-preview:large","max-video-preview":"max-video-preview:-1"},"canonical":"https:\/\/www.designburger.com\/fr\/dialogues-sur-la-conception\/","og_locale":"fr_FR","og_type":"article","og_title":"Dialogues sur la conception - Design Burger","og_description":"Une s\u00e9rie d&rsquo;interviews bas\u00e9es sur des croquis partageant les perspectives uniques et les croquis exclusifs de designers de renomm\u00e9e mondiale.","og_url":"https:\/\/www.designburger.com\/fr\/dialogues-sur-la-conception\/","og_site_name":"Design Burger","article_modified_time":"2025-02-10T14:58:21+00:00","twitter_card":"summary_large_image","schema":{"@context":"https:\/\/schema.org","@graph":[{"@type":"WebPage","@id":"https:\/\/www.designburger.com\/fr\/dialogues-sur-la-conception\/","url":"https:\/\/www.designburger.com\/fr\/dialogues-sur-la-conception\/","name":"Dialogues sur la conception - Design Burger","isPartOf":{"@id":"https:\/\/www.designburger.com\/#website"},"datePublished":"2025-02-10T14:58:20+00:00","dateModified":"2025-02-10T14:58:21+00:00","breadcrumb":{"@id":"https:\/\/www.designburger.com\/fr\/dialogues-sur-la-conception\/#breadcrumb"},"inLanguage":"fr-FR","potentialAction":[{"@type":"ReadAction","target":["https:\/\/www.designburger.com\/fr\/dialogues-sur-la-conception\/"]}]},{"@type":"BreadcrumbList","@id":"https:\/\/www.designburger.com\/fr\/dialogues-sur-la-conception\/#breadcrumb","itemListElement":[{"@type":"ListItem","position":1,"name":"Home","item":"https:\/\/www.designburger.com\/fr\/"},{"@type":"ListItem","position":2,"name":"Dialogues sur la conception"}]},{"@type":"WebSite","@id":"https:\/\/www.designburger.com\/#website","url":"https:\/\/www.designburger.com\/","name":"Design Burger","description":"","potentialAction":[{"@type":"SearchAction","target":{"@type":"EntryPoint","urlTemplate":"https:\/\/www.designburger.com\/?s={search_term_string}"},"query-input":{"@type":"PropertyValueSpecification","valueRequired":true,"valueName":"search_term_string"}}],"inLanguage":"fr-FR"}]}},"_links":{"self":[{"href":"https:\/\/www.designburger.com\/fr\/wp-json\/wp\/v2\/pages\/97984","targetHints":{"allow":["GET"]}}],"collection":[{"href":"https:\/\/www.designburger.com\/fr\/wp-json\/wp\/v2\/pages"}],"about":[{"href":"https:\/\/www.designburger.com\/fr\/wp-json\/wp\/v2\/types\/page"}],"author":[{"embeddable":true,"href":"https:\/\/www.designburger.com\/fr\/wp-json\/wp\/v2\/users\/1"}],"replies":[{"embeddable":true,"href":"https:\/\/www.designburger.com\/fr\/wp-json\/wp\/v2\/comments?post=97984"}],"version-history":[{"count":1,"href":"https:\/\/www.designburger.com\/fr\/wp-json\/wp\/v2\/pages\/97984\/revisions"}],"predecessor-version":[{"id":97986,"href":"https:\/\/www.designburger.com\/fr\/wp-json\/wp\/v2\/pages\/97984\/revisions\/97986"}],"wp:attachment":[{"href":"https:\/\/www.designburger.com\/fr\/wp-json\/wp\/v2\/media?parent=97984"}],"curies":[{"name":"wp","href":"https:\/\/api.w.org\/{rel}","templated":true}]}}